{"id":1063,"date":"2016-02-01T08:38:50","date_gmt":"2016-02-01T08:38:50","guid":{"rendered":"http:\/\/the7.dream-demo.com\/demo\/app\/?page_id=2"},"modified":"2024-01-05T14:14:38","modified_gmt":"2024-01-05T13:14:38","slug":"sample-page","status":"publish","type":"page","link":"https:\/\/szkolaszabli.pl\/","title":{"rendered":"App"},"content":{"rendered":"<div class=\"wpb-content-wrapper\"><p>[vc_row margin_top=&#8221;-50&#8243; margin_bottom=&#8221;40&#8243;][vc_column][vc_empty_space height=&#8221;40px&#8221;][vc_column_text]<\/p>\n<h2 style=\"text-align: center;\">W\u0119giersko-Polska Szko\u0142a Szermierki Szabl\u0105<\/h2>\n<p>[\/vc_column_text][vc_column_text]<em>W\u0119giersko-Polska Szko\u0142a Szermierki Szabl\u0105<\/em> rozpocz\u0119\u0142a swoj\u0105 dzia\u0142alno\u015b\u0107 w 2012 roku, we Wroc\u0142awiu dzia\u0142a od 2013 roku. Naszym celem jest nauczanie wojskowej szermierki szabl\u0105 kontynuuj\u0105c nauczanie wed\u0142ug Instytutu Toldiego Miklosa (1925 r.). Ten styl w\u0142adania bia\u0142\u0105 broni\u0105, by\u0142 doskonalony przez oficer\u00f3w na polach walki. P\u00f3\u017aniejsze prze\u0142o\u017cenie na wersj\u0119 sportow\u0105 zaowocowa\u0142o w p\u00f3\u017aniejszym okresie wieloma sukcesami polskich jak i w\u0119gierskich szermierzy sportowych. \u015awiadcz\u0105 o tym osi\u0105gni\u0119cia m.in. Jerzego Paw\u0142owskiego i Wojciecha Zab\u0142ockiego, wychowank\u00f3w w\u0119gierskeigo fechmistrza majora Janosa Keveya.[\/vc_column_text][\/vc_column][\/vc_row][vc_row type=&#8221;1&#8243; anchor=&#8221;historia&#8221;][vc_column width=&#8221;5\/12&#8243; offset=&#8221;vc_col-lg-6 vc_col-md-6 vc_hidden-xs&#8221;][vc_empty_space height=&#8221;60px&#8221;][vc_single_image image=&#8221;1084&#8243; img_size=&#8221;505 \u00d7 538&#8243;][vc_empty_space height=&#8221;60px&#8221;][\/vc_column][vc_column width=&#8221;7\/12&#8243; offset=&#8221;vc_col-lg-6 vc_col-md-6&#8243;]<div class=\"ult-spacer spacer-6a0817779c6af\" data-id=\"6a0817779c6af\" data-height=\"220\" data-height-mobile=\"70\" data-height-tab=\"180\" data-height-tab-portrait=\"70\" data-height-mobile-landscape=\"70\" style=\"clear:both;display:block;\"><\/div>[vc_column_text]<\/p>\n<h4 style=\"text-align: left;\"><span class=\"paint-accent-color\">Szermierka<\/span><\/h4>\n<p>[\/vc_column_text][vc_empty_space height=&#8221;5px&#8221;][vc_column_text]<\/p>\n<h2>Historia i warto\u015bci<\/h2>\n<p>[\/vc_column_text][vc_empty_space height=&#8221;35px&#8221;][vc_column_text]<\/p>\n<p style=\"text-align: left;\">Opr\u00f3cz nauki w\u0142adania szabl\u0105, naszym celem jest przypominanie o warto\u015bciach patriotycznych oraz znaczeniu szabli jakie odegra\u0142a w historii naszego kraju.<\/p>\n<p>[\/vc_column_text][vc_empty_space height=&#8221;80px&#8221;][\/vc_column][\/vc_row][vc_row type=&#8221;1&#8243; bg_color=&#8221;#ffffff&#8221; anchor=&#8221;tibor&#8221; css=&#8221;.vc_custom_1485962396977{background-color: #ffffff !important;}&#8221;][vc_column width=&#8221;7\/12&#8243; offset=&#8221;vc_col-lg-6 vc_col-md-6&#8243;]<div class=\"ult-spacer spacer-6a0817779c6e0\" data-id=\"6a0817779c6e0\" data-height=\"200\" data-height-mobile=\"70\" data-height-tab=\"160\" data-height-tab-portrait=\"70\" data-height-mobile-landscape=\"70\" style=\"clear:both;display:block;\"><\/div>[vc_column_text]<\/p>\n<h4 style=\"text-align: left;\"><span class=\"paint-accent-color\">G\u0142\u00f3wny Fechmistrz\u00a0Instytutu Toldiego Miklosa<\/span><\/h4>\n<p>[\/vc_column_text][vc_empty_space height=&#8221;5px&#8221;][vc_column_text]<\/p>\n<h2>Tibor P\u00e9zsa<\/h2>\n<p>[\/vc_column_text][vc_empty_space height=&#8221;35px&#8221;][vc_column_text]<\/p>\n<p style=\"text-align: left;\">W\u0119gierski szermierz, szablista. Wielokrotny medalista olimpijski. Najwi\u0119kszy sukces odni\u00f3s\u0142 w swoim debiucie olimpijskim &#8211; w Tokio zwyci\u0119\u017cy\u0142 w konkursie indywidualnym. Na swoim koncie zgromadzi\u0142 r\u00f3wnie\u017c trzy br\u0105zowe medale.<\/p>\n<p>[\/vc_column_text][vc_empty_space height=&#8221;80px&#8221;][\/vc_column][vc_column width=&#8221;5\/12&#8243; offset=&#8221;vc_col-lg-6 vc_col-md-6 vc_hidden-xs&#8221;][vc_empty_space height=&#8221;60px&#8221;][vc_single_image image=&#8221;1102&#8243; img_size=&#8221;505 \u00d7 538&#8243; image_hovers=&#8221;false&#8221; lazy_loading=&#8221;true&#8221;][vc_empty_space height=&#8221;60px&#8221;][\/vc_column][\/vc_row][vc_row type=&#8221;3&#8243; padding_top=&#8221;50&#8243; padding_bottom=&#8221;55&#8243; bg_position=&#8221;center&#8221; bg_image=&#8221;http:\/\/szkolaszabli.pl\/wp-content\/uploads\/2016\/02\/bg-013.jpg&#8221;][vc_column offset=&#8221;vc_col-lg-6 vc_col-md-6 vc_col-xs-12&#8243;][vc_column_text]<\/p>\n<h4 style=\"text-align: left;\"><span class=\"paint-accent-color\">Szko\u0142a Szabli<\/span><\/h4>\n<p>[\/vc_column_text][vc_empty_space height=&#8221;10px&#8221;][vc_column_text]<\/p>\n<h3>Przekonaj si\u0119, \u017ce szermierka to du\u017co wi\u0119cej ni\u017c sport<\/h3>\n<p>[\/vc_column_text][\/vc_column][vc_column offset=&#8221;vc_col-lg-6 vc_col-md-6 vc_col-xs-12&#8243;][vc_empty_space height=&#8221;30px&#8221;][\/vc_column][\/vc_row][vc_row type=&#8221;1&#8243; bg_color=&#8221;#f7f8fa&#8221; anchor=&#8221;harmonogram&#8221; css=&#8221;.vc_custom_1485962608559{background-color: #ffffff !important;}&#8221;][vc_column css=&#8221;.vc_custom_1454531631487{margin-bottom: -946px !important;margin-left: -57% !important;}&#8221; offset=&#8221;vc_hidden-sm vc_hidden-xs&#8221;][vc_single_image image=&#8221;1129&#8243; img_size=&#8221;970 \u00d7 946&#8243; alignment=&#8221;right&#8221;][\/vc_column][vc_column offset=&#8221;vc_col-lg-6 vc_col-md-6&#8243;][\/vc_column][vc_column offset=&#8221;vc_col-lg-6 vc_col-md-6&#8243;]<div class=\"ult-spacer spacer-6a0817779c6fd\" data-id=\"6a0817779c6fd\" data-height=\"140\" data-height-mobile=\"70\" data-height-tab=\"100\" data-height-tab-portrait=\"70\" data-height-mobile-landscape=\"70\" style=\"clear:both;display:block;\"><\/div>[vc_column_text]<\/p>\n<h2 style=\"text-align: center;\">Harmonogram zaj\u0119\u0107<\/h2>\n<p>[\/vc_column_text][vc_empty_space height=&#8221;40px&#8221;][vc_row_inner content_placement=&#8221;middle&#8221;][vc_column_inner width=&#8221;1\/2&#8243;]<div class=\"ult-just-icon-wrapper   vc_custom_1485897291190\"><div class=\"align-icon\" style=\"text-align:center;\">\n<div class=\"aio-icon none \"  style=\"color:#d2b598;font-size:24px;display:inline-block;\">\n\t<i class=\"Defaults-star\"><\/i>\n<\/div><\/div><\/div>[vc_column_text]<\/p>\n<h4 style=\"text-align: center;\">Trening<\/h4>\n<p>[\/vc_column_text][vc_column_text]<\/p>\n<h5 style=\"text-align: center;\">Wtorek<\/h5>\n<h5 style=\"text-align: center;\">21:00 &#8211; 22:00<\/h5>\n<p>[\/vc_column_text][\/vc_column_inner][vc_column_inner width=&#8221;1\/2&#8243;]<div class=\"ult-just-icon-wrapper   vc_custom_1485960299755\"><div class=\"align-icon\" style=\"text-align:center;\">\n<div class=\"aio-icon none \"  style=\"color:#d2b598;font-size:24px;display:inline-block;\">\n\t<i class=\"Defaults-star\"><\/i>\n<\/div><\/div><\/div>[vc_column_text]<\/p>\n<h4 style=\"text-align: center;\">Trening<\/h4>\n<p>[\/vc_column_text][vc_column_text]<\/p>\n<h5 style=\"text-align: center;\">Czwartek<\/h5>\n<h5 style=\"text-align: center;\">21:00 &#8211; 22:00<\/h5>\n<p>[\/vc_column_text][\/vc_column_inner][\/vc_row_inner]<div class=\"ult-spacer spacer-6a0817779c7e6\" data-id=\"6a0817779c7e6\" data-height=\"260\" data-height-mobile=\"60\" data-height-tab=\"90\" data-height-tab-portrait=\"60\" data-height-mobile-landscape=\"60\" style=\"clear:both;display:block;\"><\/div>[\/vc_column][\/vc_row][vc_row][vc_column][vc_column_text]<!--[\/vc_column_text][\/vc_column][\/vc_row][vc_row type=\"1\" anchor=\"motto\"][vc_column css=\".vc_custom_1454531571938{margin-bottom: -802px !important;margin-left: 52% !important;}\" offset=\"vc_hidden-sm vc_hidden-xs\"][vc_row_inner][vc_column_inner][vc_empty_space height=\"35px\"][\/vc_column_inner][\/vc_row_inner][vc_single_image image=\"1152\" img_size=\"1111 \u00d7 802\" alignment=\"right\"][\/vc_column][vc_column offset=\"vc_col-lg-6 vc_col-md-6\"][ultimate_spacer height=\"100\" height_on_tabs=\"100\" height_on_tabs_portrait=\"70\" height_on_mob_landscape=\"70\" height_on_mob=\"70\"][vc_column_text]\n\n\n<h2 style=\"text-align: left;\">Nasze motto<\/h2>\n\n\n[\/vc_column_text][vc_empty_space height=\"35px\"][vc_column_text el_class=\"dt-circle-content\"]<span style=\"color: #d2b598;\">1<\/span>[\/vc_column_text][bsf-info-box icon=\"none\" icon_size=\"20\" icon_color=\"#d2b598\" icon_animation=\"fadeIn\" title=\"Download &amp; Install Seven App\" title_font=\"font_family:Open Sans|font_call:Open+Sans|variant:regular\" title_font_style=\"font-weight:normal;font-style:normal;\" title_font_size=\"desktop:20px;\" title_font_line_height=\"desktop:28px;\" title_font_color=\"#45474b\" css_info_box=\".vc_custom_1454432221835{margin-top: -32px !important;padding-left: 50px !important;}\"]Maecenas sit amet tincidunt morbi ames ac turpis egestas dolor for nulla.\u00a0Pellentesque hes ac turpis egestas nulla.[\/bsf-info-box][vc_column_text el_class=\"dt-circle-content\"]<span style=\"color: #d2b598;\">2<\/span>[\/vc_column_text][bsf-info-box icon=\"none\" icon_size=\"20\" icon_color=\"#d2b598\" icon_animation=\"fadeIn\" title=\"Upload Your Images\" title_font=\"font_family:Open Sans|font_call:Open+Sans|variant:regular\" title_font_style=\"font-weight:normal;font-style:normal;\" title_font_size=\"desktop:20px;\" title_font_line_height=\"desktop:28px;\" title_font_color=\"#45474b\" css_info_box=\".vc_custom_1454432033138{margin-top: -32px !important;padding-left: 50px !important;}\"]Ratincidunt morbi tristique et netus fames ac turpis egestas dolor for nulla.\u00a0Pellentesque habitant morbi tristique senectus et netus.[\/bsf-info-box][vc_column_text el_class=\"dt-circle-content\"]<span style=\"color: #d2b598;\">3<\/span>[\/vc_column_text][bsf-info-box icon=\"none\" icon_size=\"20\" icon_color=\"#d2b598\" icon_animation=\"fadeIn\" title=\"Share with Friends &amp; Have Fun!\" title_font=\"font_family:Open Sans|font_call:Open+Sans|variant:regular\" title_font_style=\"font-weight:normal;font-style:normal;\" title_font_size=\"desktop:20px;\" title_font_line_height=\"desktop:28px;\" title_font_color=\"#45474b\" css_info_box=\".vc_custom_1454432080648{margin-top: -32px !important;padding-left: 50px !important;}\"]Netus fames ac turpis egestas dolor for nulla.\u00a0Pellentesque habitant morbi tristique senectus et netus et malesuada fames.[\/bsf-info-box][ultimate_spacer height=\"90\" height_on_tabs=\"90\" height_on_tabs_portrait=\"60\" height_on_mob_landscape=\"60\" height_on_mob=\"60\"][\/vc_column][vc_column offset=\"vc_col-lg-6 vc_col-md-6\"][\/vc_column][\/vc_row][vc_row][vc_column][vc_column_text]-->[\/vc_column_text][\/vc_column][\/vc_row][vc_row type=&#8221;1&#8243; bg_color=&#8221;#ffffff&#8221; anchor=&#8221;video&#8221;][vc_column offset=&#8221;vc_col-lg-offset-2 vc_col-lg-8 vc_col-md-offset-2 vc_col-md-8 vc_col-sm-offset-0&#8243;]<div class=\"ult-spacer spacer-6a0817779c7fd\" data-id=\"6a0817779c7fd\" data-height=\"100\" data-height-mobile=\"70\" data-height-tab=\"100\" data-height-tab-portrait=\"70\" data-height-mobile-landscape=\"70\" style=\"clear:both;display:block;\"><\/div>[vc_column_text]<\/p>\n<h2 style=\"text-align: center;\">Materia\u0142 Video o naszej szkole<\/h2>\n<p>[\/vc_column_text][vc_empty_space height=&#8221;35px&#8221;][vc_column_text]<\/p>\n<p style=\"text-align: center;\">The school of the hungarian sabre fence<\/p>\n<p>[\/vc_column_text][vc_empty_space height=&#8221;35px&#8221;][\/vc_column][vc_column]<style type=\"text\/css\" data-type=\"the7_shortcodes-inline-css\">.shortcode-single-image-wrap.shortcode-single-image-64adaa36a87b5996aa652d4782a80ea9.enable-bg-rollover .rollover i,\n.shortcode-single-image-wrap.shortcode-single-image-64adaa36a87b5996aa652d4782a80ea9.enable-bg-rollover .rollover-video i {\n  background: -webkit-linear-gradient();\n  background: linear-gradient();\n}\n.shortcode-single-image-wrap.shortcode-single-image-64adaa36a87b5996aa652d4782a80ea9 .rollover-icon {\n  font-size: 32px;\n  color: #ffffff;\n  min-width: 44px;\n  min-height: 44px;\n  line-height: 44px;\n  border-radius: 100px;\n  border-style: solid;\n  border-width: 0px;\n}\n.dt-icon-bg-on.shortcode-single-image-wrap.shortcode-single-image-64adaa36a87b5996aa652d4782a80ea9 .rollover-icon {\n  background: rgba(255,255,255,0.3);\n  box-shadow: none;\n}<\/style><div class=\"shortcode-single-image-wrap shortcode-single-image-64adaa36a87b5996aa652d4782a80ea9 alignnone  enable-bg-rollover dt-icon-bg-off\" style=\"margin-top:0px; margin-bottom:0px; margin-left:0px; margin-right:0px; width:800px;\"><div class=\"shortcode-single-image\"><div class=\"fancy-media-wrap\" style=\"\"><div class=\"layzr-bg rollover-video\" style=\"\"><img decoding=\"async\" class=\"lazy-load\" src=\"data:image\/svg+xml;charset=utf-8,%3Csvg xmlns%3D&#039;http%3A%2F%2Fwww.w3.org%2F2000%2Fsvg&#039; viewBox%3D&#039;0 0 800 0&#039;%2F%3E\" width=\"800\" dt-data-location=\"https:\/\/szkolaszabli.pl\/wp-content\/uploads\/2017\/02\/obraz-1.png\" data-srcset=\"https:\/\/szkolaszabli.pl\/wp-content\/uploads\/2017\/02\/obraz-1.png 800w\" data-src=\"https:\/\/szkolaszabli.pl\/wp-content\/uploads\/2017\/02\/obraz-1.png\" \/><a class=\"video-icon dt-pswp-item pswp-video\" href=\"https:\/\/www.youtube.com\/watch?v=FO8Yu-M8r5c\" title=\"\" data-dt-img-description=\"\"><\/a><\/div><\/div><\/div><\/div><div class=\"ult-spacer spacer-6a0817779cea3\" data-id=\"6a0817779cea3\" data-height=\"70\" data-height-mobile=\"70\" data-height-tab=\"100\" data-height-tab-portrait=\"70\" data-height-mobile-landscape=\"70\" style=\"clear:both;display:block;\"><\/div>[\/vc_column][\/vc_row][vc_row type=&#8221;1&#8243; animation=&#8221;fadeIn&#8221; margin_top=&#8221;65&#8243; margin_bottom=&#8221;-30&#8243; css=&#8221;.vc_custom_1485962052897{margin-bottom: -30px !important;}&#8221; el_class=&#8221;background-color:#b2b2b2;&#8221; anchor=&#8221;kontakt&#8221;][vc_column width=&#8221;1\/2&#8243;][vc_empty_space height=&#8221;50px&#8221;][vc_column_text]<\/p>\n<h3>Informacje kontaktowe<\/h3>\n<p>[\/vc_column_text][vc_empty_space height=&#8221;20px&#8221;][vc_column_text]<span class=\"color-title\"><i class=\"fa fa-map-o\"><\/i> Adres:<\/span><br \/>\nKamienna 99\/101<br \/>\nWroc\u0142aw[\/vc_column_text][vc_empty_space height=&#8221;8px&#8221;][vc_column_text]<span class=\"color-title\"> <i class=\"fa fa-phone\"><\/i> Telefony kontaktowe:<\/span><br \/>\nKom\u00f3rka: +48 502 616 856,[\/vc_column_text][vc_empty_space height=&#8221;8px&#8221;][vc_column_text]<span class=\"color-title\"><i class=\"fa fa-envelope-o\"><\/i> Email:<br \/>\n<\/span><span \n                data-original-string='GpCN3YBcyE1ZwiriTY\/P6w==6dcAaesBLBm5zYLAspkxFBZnrJwNKIVTOVpTflKp1If5E0='\n                class='apbct-email-encoder'\n                title='This contact has been encoded by Anti-Spam by CleanTalk. Click to decode. To finish the decoding make sure that JavaScript is enabled in your browser.'>sz<span class=\"apbct-blur\">**********<\/span>@<span class=\"apbct-blur\">***<\/span>il.com<\/span>[\/vc_column_text][\/vc_column][vc_column width=&#8221;1\/2&#8243;][vc_empty_space height=&#8221;50px&#8221;][vc_column_text]<\/p>\n<h3>Skontaktuj si\u0119 z nami<\/h3>\n<p>[\/vc_column_text][vc_empty_space height=&#8221;25px&#8221;]<form class=\"dt-contact-form dt-form\" method=\"post\"><input type=\"hidden\" name=\"widget_id\" value=\"presscore-contact-form-widget--1\" \/><input type=\"hidden\" name=\"send_message\" value=\"\" \/><input type=\"hidden\" name=\"security_token\" value=\"b4caa18daa807ae635e7\"\/><div class=\"form-fields\"><span class=\"form-name\"><label class=\"assistive-text\">Nazwa *<\/label><input type=\"text\" class=\"validate[required]\" placeholder=\"Nazwa *\" name=\"name\" value=\"\" aria-required=\"true\">\n<\/span><span class=\"form-mail\"><label class=\"assistive-text\">Adres e-mail *<\/label><input type=\"text\" class=\"validate[required,custom[email]]\" placeholder=\"Adres e-mail *\" name=\"email\" value=\"\" aria-required=\"true\">\n<\/span><span class=\"form-telephone\"><label class=\"assistive-text\">Numer telefonu<\/label><input type=\"text\" placeholder=\"Numer telefonu\" name=\"telephone\" value=\"\" aria-required=\"false\">\n<\/span><\/div><span class=\"form-message\"><label class=\"assistive-text\">Wiadomo\u015b\u0107 *<\/label><textarea class=\"validate[required]\" placeholder=\"Wiadomo\u015b\u0107 *\" name=\"message\" rows=\"4\" aria-required=\"true\"><\/textarea>\n<\/span><p><a href=\"#\" class=\"dt-btn dt-btn-m dt-btn-submit\" rel=\"nofollow\"><span>Wy\u015blij Wiadomo\u015b\u0107<\/span><\/a><input class=\"assistive-text\" type=\"submit\" value=\"wy\u015blij\"><\/p><\/form>\n[vc_empty_space height=&#8221;40px&#8221;][\/vc_column][\/vc_row][vc_row full_width_row=&#8221;true&#8221; anchor=&#8221;mapa&#8221;][vc_column][vc_gmaps link=&#8221;#E-8_JTNDaWZyYW1lJTIwc3JjJTNEJTIyaHR0cHMlM0ElMkYlMkZ3d3cuZ29vZ2xlLmNvbSUyRm1hcHMlMkZlbWJlZCUzRnBiJTNEJTIxMW0xOCUyMTFtMTIlMjExbTMlMjExZDI1MDQuMDQ1NTQxMDU4ODQ0JTIxMmQxNy4wNDkzMzQ3MDAwMDAwMDMlMjEzZDUxLjEyNjA2ODAwMDAwMDAwNCUyMTJtMyUyMTFmMCUyMTJmMCUyMTNmMCUyMTNtMiUyMTFpMTAyNCUyMTJpNzY4JTIxNGYxMy4xJTIxM20zJTIxMW0yJTIxMXMweDQ3MGZlOTAwOWU3NzkwZWQlMjUzQTB4MzI3N2Q1Nzc0N2E0Mzk1NCUyMTJzU3prbyUyNUM1JTI1ODJhJTI1MjBTemFibGklMjUyMFBvbHNrbyUyNTJGVyUyNUM0JTI1OTlnaWVyc2tpZWolMjE1ZTAlMjEzbTIlMjExc2VuJTIxMnNwbCUyMTR2MTY5NDYxODEyNzM1MCUyMTVtMiUyMTFzZW4lMjEyc3BsJTIyJTIwd2lkdGglM0QlMjI2MDAlMjIlMjBoZWlnaHQlM0QlMjI0NTAlMjIlMjBzdHlsZSUzRCUyMmJvcmRlciUzQTAlM0IlMjIlMjBhbGxvd2Z1bGxzY3JlZW4lM0QlMjIlMjIlMjBsb2FkaW5nJTNEJTIybGF6eSUyMiUyMHJlZmVycmVycG9saWN5JTNEJTIybm8tcmVmZXJyZXItd2hlbi1kb3duZ3JhZGUlMjIlM0UlM0MlMkZpZnJhbWUlM0U=&#8221; css=&#8221;.vc_custom_1694618169155{background-color: #ffffff !important;}&#8221;][\/vc_column][\/vc_row][vc_row type=&#8221;2&#8243; margin_bottom=&#8221;-50&#8243; padding_top=&#8221;25&#8243; padding_bottom=&#8221;25&#8243; bg_color=&#8221;#222222&#8243; css=&#8221;.vc_custom_1458306766833{margin-bottom: -50px !important;background-color: #222222 !important;}&#8221;][vc_column offset=&#8221;vc_col-lg-4 vc_col-md-4 vc_hidden-sm vc_hidden-xs&#8221;][vc_column_text]Szko\u0142aSzabli.pl[\/vc_column_text][\/vc_column][vc_column offset=&#8221;vc_col-lg-4 vc_col-md-4&#8243;][\/vc_column][vc_column offset=&#8221;vc_col-lg-4 vc_col-md-4 vc_hidden-sm vc_col-xs-12 vc_hidden-xs&#8221;][vc_column_text]<\/p>\n<p style=\"font-size: 13px; line-height: 22px; text-align: right;\"><i class=\"fa fa-fw fa-pencil-square\" style=\"color: #5d5d5d; margin-left: 10px;\"><\/i>ul. Daszy\u0144skiego 10a <i class=\"fa fa-fw fa-phone-square\" style=\"color: #5d5d5d; margin-left: 10px;\"><\/i>+48 502 616 856<\/p>\n<p>[\/vc_column_text][\/vc_column][\/vc_row]<\/p>\n<\/div>","protected":false},"excerpt":{"rendered":"<p>[vc_row margin_top=&#8221;-50&#8243; margin_bottom=&#8221;40&#8243;][vc_column][vc_empty_space height=&#8221;40px&#8221;][vc_column_text] W\u0119giersko-Polska Szko\u0142a Szermierki Szabl\u0105 [\/vc_column_text][vc_column_text]W\u0119giersko-Polska Szko\u0142a Szermierki Szabl\u0105 rozpocz\u0119\u0142a swoj\u0105 dzia\u0142alno\u015b\u0107 w 2012 roku, we Wroc\u0142awiu dzia\u0142a od 2013 roku. Naszym celem jest nauczanie wojskowej szermierki szabl\u0105 kontynuuj\u0105c nauczanie wed\u0142ug Instytutu Toldiego Miklosa (1925 r.). Ten styl w\u0142adania bia\u0142\u0105 broni\u0105, by\u0142 doskonalony przez oficer\u00f3w na polach walki. P\u00f3\u017aniejsze prze\u0142o\u017cenie na wersj\u0119&hellip;<\/p>\n","protected":false},"author":1,"featured_media":0,"parent":0,"menu_order":0,"comment_status":"closed","ping_status":"closed","template":"template-microsite.php","meta":{"footnotes":""},"class_list":["post-1063","page","type-page","status-publish","hentry","description-off"],"_links":{"self":[{"href":"https:\/\/szkolaszabli.pl\/index.php?rest_route=\/wp\/v2\/pages\/1063","targetHints":{"allow":["GET"]}}],"collection":[{"href":"https:\/\/szkolaszabli.pl\/index.php?rest_route=\/wp\/v2\/pages"}],"about":[{"href":"https:\/\/szkolaszabli.pl\/index.php?rest_route=\/wp\/v2\/types\/page"}],"author":[{"embeddable":true,"href":"https:\/\/szkolaszabli.pl\/index.php?rest_route=\/wp\/v2\/users\/1"}],"replies":[{"embeddable":true,"href":"https:\/\/szkolaszabli.pl\/index.php?rest_route=%2Fwp%2Fv2%2Fcomments&post=1063"}],"version-history":[{"count":86,"href":"https:\/\/szkolaszabli.pl\/index.php?rest_route=\/wp\/v2\/pages\/1063\/revisions"}],"predecessor-version":[{"id":1230,"href":"https:\/\/szkolaszabli.pl\/index.php?rest_route=\/wp\/v2\/pages\/1063\/revisions\/1230"}],"wp:attachment":[{"href":"https:\/\/szkolaszabli.pl\/index.php?rest_route=%2Fwp%2Fv2%2Fmedia&parent=1063"}],"curies":[{"name":"wp","href":"https:\/\/api.w.org\/{rel}","templated":true}]}}